{"id":8829,"date":"2024-05-14T15:53:38","date_gmt":"2024-05-14T13:53:38","guid":{"rendered":"https:\/\/majself2.whad.sk\/?page_id=8829"},"modified":"2024-12-06T09:10:13","modified_gmt":"2024-12-06T08:10:13","slug":"koncerty","status":"publish","type":"page","link":"https:\/\/www.majself.sk\/index.php\/koncerty\/","title":{"rendered":"Koncerty"},"content":{"rendered":"\t\t<div data-elementor-type=\"wp-page\" data-elementor-id=\"8829\" class=\"elementor elementor-8829\" data-elementor-post-type=\"page\">\n\t\t\t\t\t\t<section class=\"elementor-section elementor-top-section elementor-element elementor-element-9299f2a elementor-section-content-middle qodef-elementor-content-grid elementor-section-boxed elementor-section-height-default elementor-section-height-default\" data-id=\"9299f2a\" data-element_type=\"section\">\n\t\t\t\t\t\t<div class=\"elementor-container elementor-column-gap-default\">\n\t\t\t\t\t<div class=\"elementor-column elementor-col-100 elementor-top-column elementor-element elementor-element-9efabdd\" data-id=\"9efabdd\" data-element_type=\"column\">\n\t\t\t<div class=\"elementor-widget-wrap elementor-element-populated\">\n\t\t\t\t\t\t<div class=\"elementor-element elementor-element-9dded72 elementor-widget__width-initial elementor-widget-mobile__width-inherit elementor-widget elementor-widget-micdrop_core_section_title\" data-id=\"9dded72\" data-element_type=\"widget\" data-widget_type=\"micdrop_core_section_title.default\">\n\t\t\t\t<div class=\"elementor-widget-container\">\n\t\t\t<div class=\"qodef-shortcode qodef-m  qodef-section-title qodef-alignment--left   \">\n\t\t\t<h1 class=\"qodef-m-title\" style=\"margin: -5px 0px 0px 0px\">\n\t\t\t\t\tkoncerty\t\t\t<\/h1>\n\t\t\t<div class=\"qodef-m-button\" >\n\t\t\t\t\t\t\t\t\t\t\t\t\t\t\t<\/div>\n<\/div>\n\t\t<\/div>\n\t\t\t\t<\/div>\n\t\t\t\t\t<\/div>\n\t\t<\/div>\n\t\t\t\t\t<\/div>\n\t\t<\/section>\n\t\t\t\t<section class=\"elementor-section elementor-top-section elementor-element elementor-element-ada122c elementor-section-content-middle qodef-elementor-content-grid elementor-section-boxed elementor-section-height-default elementor-section-height-default\" data-id=\"ada122c\" data-element_type=\"section\">\n\t\t\t\t\t\t<div class=\"elementor-container elementor-column-gap-default\">\n\t\t\t\t\t<div class=\"elementor-column elementor-col-100 elementor-top-column elementor-element elementor-element-9769251\" data-id=\"9769251\" data-element_type=\"column\">\n\t\t\t<div class=\"elementor-widget-wrap elementor-element-populated\">\n\t\t\t\t\t\t<div class=\"elementor-element elementor-element-8ba08fc elementor-widget elementor-widget-micdrop_core_info_section\" data-id=\"8ba08fc\" data-element_type=\"widget\" data-widget_type=\"micdrop_core_info_section.default\">\n\t\t\t\t<div class=\"elementor-widget-container\">\n\t\t\t<div class=\"qodef-shortcode qodef-m  qodef-info-section qodef-layout--background-text  qodef-background-text-pos--top-left\">\n\t<div class=\"qodef-m-background-text\">\n\t\t\t<\/div>\n\t<div class=\"qodef-m-info\">\n\t\t\t<h4 class=\"qodef-m-title\" >\n\t\tN\u00e1zov koncertu\t<\/h4>\n\t\t\t<p class=\"qodef-m-text\" >D\u00e1tum I miesto \n<\/p>\n\t\t\t<\/div>\n<\/div>\n\t\t<\/div>\n\t\t\t\t<\/div>\n\t\t\t\t<div class=\"elementor-element elementor-element-abcfde0 elementor-widget elementor-widget-micdrop_core_info_section\" data-id=\"abcfde0\" data-element_type=\"widget\" data-widget_type=\"micdrop_core_info_section.default\">\n\t\t\t\t<div class=\"elementor-widget-container\">\n\t\t\t<div class=\"qodef-shortcode qodef-m  qodef-info-section qodef-layout--background-text  qodef-background-text-pos--top-left\">\n\t<div class=\"qodef-m-background-text\">\n\t\t\t<\/div>\n\t<div class=\"qodef-m-info\">\n\t\t\t\t\t\t\t<div class=\"qodef-m-button\">\n\t\t<a class=\"qodef-shortcode qodef-m  qodef-button qodef-layout--outlined  qodef-html--link\" href=\"\" target=\"_blank\"  style=\"margin: 50 px 50 px 50 px;padding: 50 px 50 px 50 px\">\t<span class=\"qodef-m-text\">K\u00fapi\u0165 l\u00edstok<\/span><\/a>\t<\/div>\n\t<\/div>\n<\/div>\n\t\t<\/div>\n\t\t\t\t<\/div>\n\t\t\t\t\t<\/div>\n\t\t<\/div>\n\t\t\t\t\t<\/div>\n\t\t<\/section>\n\t\t\t\t<section class=\"elementor-section elementor-top-section elementor-element elementor-element-b329814 elementor-section-content-middle qodef-elementor-content-grid elementor-section-boxed elementor-section-height-default elementor-section-height-default\" data-id=\"b329814\" data-element_type=\"section\">\n\t\t\t\t\t\t<div class=\"elementor-container elementor-column-gap-default\">\n\t\t\t\t\t<div class=\"elementor-column elementor-col-100 elementor-top-column elementor-element elementor-element-b199f24\" data-id=\"b199f24\" data-element_type=\"column\">\n\t\t\t<div class=\"elementor-widget-wrap elementor-element-populated\">\n\t\t\t\t\t\t<div class=\"elementor-element elementor-element-5adae46 elementor-widget elementor-widget-micdrop_core_info_section\" data-id=\"5adae46\" data-element_type=\"widget\" data-widget_type=\"micdrop_core_info_section.default\">\n\t\t\t\t<div class=\"elementor-widget-container\">\n\t\t\t<div class=\"qodef-shortcode qodef-m  qodef-info-section qodef-layout--background-text  qodef-background-text-pos--top-left\">\n\t<div class=\"qodef-m-background-text\">\n\t\t\t<\/div>\n\t<div class=\"qodef-m-info\">\n\t\t\t<h4 class=\"qodef-m-title\" >\n\t\tN\u00e1zov koncertu\t<\/h4>\n\t\t\t<p class=\"qodef-m-text\" >D\u00e1tum I miesto \n<\/p>\n\t\t\t<\/div>\n<\/div>\n\t\t<\/div>\n\t\t\t\t<\/div>\n\t\t\t\t<div class=\"elementor-element elementor-element-50a58e0 elementor-widget elementor-widget-micdrop_core_info_section\" data-id=\"50a58e0\" data-element_type=\"widget\" data-widget_type=\"micdrop_core_info_section.default\">\n\t\t\t\t<div class=\"elementor-widget-container\">\n\t\t\t<div class=\"qodef-shortcode qodef-m  qodef-info-section qodef-layout--background-text  qodef-background-text-pos--top-left\">\n\t<div class=\"qodef-m-background-text\">\n\t\t\t<\/div>\n\t<div class=\"qodef-m-info\">\n\t\t\t\t\t\t\t<div class=\"qodef-m-button\">\n\t\t<a class=\"qodef-shortcode qodef-m  qodef-button qodef-layout--outlined  qodef-html--link\" href=\"\" target=\"_blank\"  style=\"margin: 50 px 50 px 50 px;padding: 50 px 50 px 50 px\">\t<span class=\"qodef-m-text\">K\u00fapi\u0165 l\u00edstok<\/span><\/a>\t<\/div>\n\t<\/div>\n<\/div>\n\t\t<\/div>\n\t\t\t\t<\/div>\n\t\t\t\t\t<\/div>\n\t\t<\/div>\n\t\t\t\t\t<\/div>\n\t\t<\/section>\n\t\t\t\t<section class=\"elementor-section elementor-top-section elementor-element elementor-element-f0b498a elementor-section-content-middle qodef-elementor-content-grid elementor-section-boxed elementor-section-height-default elementor-section-height-default\" data-id=\"f0b498a\" data-element_type=\"section\">\n\t\t\t\t\t\t<div class=\"elementor-container elementor-column-gap-default\">\n\t\t\t\t\t<div class=\"elementor-column elementor-col-100 elementor-top-column elementor-element elementor-element-aab99de\" data-id=\"aab99de\" data-element_type=\"column\">\n\t\t\t<div class=\"elementor-widget-wrap elementor-element-populated\">\n\t\t\t\t\t\t<div class=\"elementor-element elementor-element-43e620e elementor-widget elementor-widget-micdrop_core_info_section\" data-id=\"43e620e\" data-element_type=\"widget\" data-widget_type=\"micdrop_core_info_section.default\">\n\t\t\t\t<div class=\"elementor-widget-container\">\n\t\t\t<div class=\"qodef-shortcode qodef-m  qodef-info-section qodef-layout--background-text  qodef-background-text-pos--top-left\">\n\t<div class=\"qodef-m-background-text\">\n\t\t\t<\/div>\n\t<div class=\"qodef-m-info\">\n\t\t\t<h4 class=\"qodef-m-title\" >\n\t\tN\u00e1zov koncertu\t<\/h4>\n\t\t\t<p class=\"qodef-m-text\" >D\u00e1tum I miesto \n<\/p>\n\t\t\t<\/div>\n<\/div>\n\t\t<\/div>\n\t\t\t\t<\/div>\n\t\t\t\t<div class=\"elementor-element elementor-element-8ad21f8 elementor-widget elementor-widget-micdrop_core_info_section\" data-id=\"8ad21f8\" data-element_type=\"widget\" data-widget_type=\"micdrop_core_info_section.default\">\n\t\t\t\t<div class=\"elementor-widget-container\">\n\t\t\t<div class=\"qodef-shortcode qodef-m  qodef-info-section qodef-layout--background-text  qodef-background-text-pos--top-left\">\n\t<div class=\"qodef-m-background-text\">\n\t\t\t<\/div>\n\t<div class=\"qodef-m-info\">\n\t\t\t\t\t\t\t<div class=\"qodef-m-button\">\n\t\t<a class=\"qodef-shortcode qodef-m  qodef-button qodef-layout--outlined  qodef-html--link\" href=\"\" target=\"_blank\"  style=\"margin: 50 px 50 px 50 px;padding: 50 px 50 px 50 px\">\t<span class=\"qodef-m-text\">K\u00fapi\u0165 l\u00edstok<\/span><\/a>\t<\/div>\n\t<\/div>\n<\/div>\n\t\t<\/div>\n\t\t\t\t<\/div>\n\t\t\t\t\t<\/div>\n\t\t<\/div>\n\t\t\t\t\t<\/div>\n\t\t<\/section>\n\t\t\t\t<section class=\"elementor-section elementor-top-section elementor-element elementor-element-88fe279 elementor-section-content-middle qodef-elementor-content-grid elementor-section-boxed elementor-section-height-default elementor-section-height-default\" data-id=\"88fe279\" data-element_type=\"section\">\n\t\t\t\t\t\t<div class=\"elementor-container elementor-column-gap-default\">\n\t\t\t\t\t<div class=\"elementor-column elementor-col-100 elementor-top-column elementor-element elementor-element-e46bd1f\" data-id=\"e46bd1f\" data-element_type=\"column\">\n\t\t\t<div class=\"elementor-widget-wrap elementor-element-populated\">\n\t\t\t\t\t\t<div class=\"elementor-element elementor-element-da5a0b6 elementor-widget elementor-widget-micdrop_core_info_section\" data-id=\"da5a0b6\" data-element_type=\"widget\" data-widget_type=\"micdrop_core_info_section.default\">\n\t\t\t\t<div class=\"elementor-widget-container\">\n\t\t\t<div class=\"qodef-shortcode qodef-m  qodef-info-section qodef-layout--background-text  qodef-background-text-pos--top-left\">\n\t<div class=\"qodef-m-background-text\">\n\t\t\t<\/div>\n\t<div class=\"qodef-m-info\">\n\t\t\t<h4 class=\"qodef-m-title\" >\n\t\tN\u00e1zov koncertu\t<\/h4>\n\t\t\t<p class=\"qodef-m-text\" >D\u00e1tum I miesto \n<\/p>\n\t\t\t<\/div>\n<\/div>\n\t\t<\/div>\n\t\t\t\t<\/div>\n\t\t\t\t<div class=\"elementor-element elementor-element-1f17600 elementor-widget elementor-widget-micdrop_core_info_section\" data-id=\"1f17600\" data-element_type=\"widget\" data-widget_type=\"micdrop_core_info_section.default\">\n\t\t\t\t<div class=\"elementor-widget-container\">\n\t\t\t<div class=\"qodef-shortcode qodef-m  qodef-info-section qodef-layout--background-text  qodef-background-text-pos--top-left\">\n\t<div class=\"qodef-m-background-text\">\n\t\t\t<\/div>\n\t<div class=\"qodef-m-info\">\n\t\t\t\t\t\t\t<div class=\"qodef-m-button\">\n\t\t<a class=\"qodef-shortcode qodef-m  qodef-button qodef-layout--outlined  qodef-html--link\" href=\"\" target=\"_blank\"  style=\"margin: 50 px 50 px 50 px;padding: 50 px 50 px 50 px\">\t<span class=\"qodef-m-text\">K\u00fapi\u0165 l\u00edstok<\/span><\/a>\t<\/div>\n\t<\/div>\n<\/div>\n\t\t<\/div>\n\t\t\t\t<\/div>\n\t\t\t\t\t<\/div>\n\t\t<\/div>\n\t\t\t\t\t<\/div>\n\t\t<\/section>\n\t\t<div class=\"elementor-element elementor-element-a6c164f e-flex e-con-boxed e-con e-child\" data-id=\"a6c164f\" data-element_type=\"container\" data-settings=\"{&quot;background_background&quot;:&quot;classic&quot;,&quot;position&quot;:&quot;fixed&quot;}\">\n\t\t\t\t\t<div class=\"e-con-inner\">\n\t\t<div class=\"elementor-element elementor-element-ca65276 e-con-full elementor-hidden-tablet elementor-hidden-mobile e-flex e-con e-child\" data-id=\"ca65276\" data-element_type=\"container\">\n\t\t\t\t<\/div>\n\t\t<div class=\"elementor-element elementor-element-ad5f41d e-con-full e-flex e-con e-child\" data-id=\"ad5f41d\" data-element_type=\"container\" data-settings=\"{&quot;background_background&quot;:&quot;classic&quot;}\">\n\t\t\t\t<div class=\"elementor-element elementor-element-a4c70b8 e-transform elementor-widget elementor-widget-text-editor\" data-id=\"a4c70b8\" data-element_type=\"widget\" data-settings=\"{&quot;motion_fx_motion_fx_mouse&quot;:&quot;yes&quot;,&quot;_transform_skewX_effect_hover&quot;:{&quot;unit&quot;:&quot;px&quot;,&quot;size&quot;:-5,&quot;sizes&quot;:[]},&quot;_transform_skewX_effect_hover_laptop&quot;:{&quot;unit&quot;:&quot;deg&quot;,&quot;size&quot;:&quot;&quot;,&quot;sizes&quot;:[]},&quot;_transform_skewX_effect_hover_tablet&quot;:{&quot;unit&quot;:&quot;deg&quot;,&quot;size&quot;:&quot;&quot;,&quot;sizes&quot;:[]},&quot;_transform_skewX_effect_hover_mobile&quot;:{&quot;unit&quot;:&quot;deg&quot;,&quot;size&quot;:&quot;&quot;,&quot;sizes&quot;:[]},&quot;_transform_skewY_effect_hover&quot;:{&quot;unit&quot;:&quot;px&quot;,&quot;size&quot;:&quot;&quot;,&quot;sizes&quot;:[]},&quot;_transform_skewY_effect_hover_laptop&quot;:{&quot;unit&quot;:&quot;deg&quot;,&quot;size&quot;:&quot;&quot;,&quot;sizes&quot;:[]},&quot;_transform_skewY_effect_hover_tablet&quot;:{&quot;unit&quot;:&quot;deg&quot;,&quot;size&quot;:&quot;&quot;,&quot;sizes&quot;:[]},&quot;_transform_skewY_effect_hover_mobile&quot;:{&quot;unit&quot;:&quot;deg&quot;,&quot;size&quot;:&quot;&quot;,&quot;sizes&quot;:[]}}\" data-widget_type=\"text-editor.default\">\n\t\t\t\t<div class=\"elementor-widget-container\">\n\t\t\t<style>\/*! elementor - v3.20.0 - 26-03-2024 *\/\n.elementor-widget-text-editor.elementor-drop-cap-view-stacked .elementor-drop-cap{background-color:#69727d;color:#fff}.elementor-widget-text-editor.elementor-drop-cap-view-framed .elementor-drop-cap{color:#69727d;border:3px solid;background-color:transparent}.elementor-widget-text-editor:not(.elementor-drop-cap-view-default) .elementor-drop-cap{margin-top:8px}.elementor-widget-text-editor:not(.elementor-drop-cap-view-default) .elementor-drop-cap-letter{width:1em;height:1em}.elementor-widget-text-editor .elementor-drop-cap{float:left;text-align:center;line-height:1;font-size:50px}.elementor-widget-text-editor .elementor-drop-cap-letter{display:inline-block}<\/style>\t\t\t\t<h6><a href=\"https:\/\/www.instagram.com\/majself_neptun\/?hl=sk\">Instagram<\/a> \u00a0 \u00a0 \u00a0<a href=\"https:\/\/www.tiktok.com\/@majself\">TikTok \u00a0 \u00a0 \u00a0<\/a><a href=\"https:\/\/open.spotify.com\/artist\/4uGlaZn0LSybHkHFEKBOV2\">Spotify<\/a><\/h6>\t\t\t\t\t\t<\/div>\n\t\t\t\t<\/div>\n\t\t\t\t<\/div>\n\t\t\t\t\t<\/div>\n\t\t\t\t<\/div>\n\t\t\t\t<\/div>\n\t\t","protected":false},"excerpt":{"rendered":"<p>koncerty N\u00e1zov koncertu D\u00e1tum I miesto K\u00fapi\u0165 l\u00edstok N\u00e1zov koncertu D\u00e1tum I miesto K\u00fapi\u0165 l\u00edstok N\u00e1zov koncertu D\u00e1tum I miesto K\u00fapi\u0165 l\u00edstok N\u00e1zov koncertu D\u00e1tum I miesto K\u00fapi\u0165 l\u00edstok Instagram \u00a0 \u00a0 \u00a0TikTok \u00a0 \u00a0 \u00a0Spotify<\/p>\n","protected":false},"author":1,"featured_media":0,"parent":0,"menu_order":0,"comment_status":"closed","ping_status":"closed","template":"page-full-width.php","meta":{"footnotes":""},"class_list":["post-8829","page","type-page","status-publish","hentry"],"yoast_head":"<!-- This site is optimized with the Yoast SEO plugin v24.0 - https:\/\/yoast.com\/wordpress\/plugins\/seo\/ -->\n<title>Koncerty - official website<\/title>\n<meta name=\"robots\" content=\"index, follow, max-snippet:-1, max-image-preview:large, max-video-preview:-1\" \/>\n<link rel=\"canonical\" href=\"https:\/\/www.majself.sk\/index.php\/koncerty\/\" \/>\n<meta property=\"og:locale\" content=\"sk_SK\" \/>\n<meta property=\"og:type\" content=\"article\" \/>\n<meta property=\"og:title\" content=\"Koncerty - official website\" \/>\n<meta property=\"og:description\" content=\"koncerty N\u00e1zov koncertu D\u00e1tum I miesto K\u00fapi\u0165 l\u00edstok N\u00e1zov koncertu D\u00e1tum I miesto K\u00fapi\u0165 l\u00edstok N\u00e1zov koncertu D\u00e1tum I miesto K\u00fapi\u0165 l\u00edstok N\u00e1zov koncertu D\u00e1tum I miesto K\u00fapi\u0165 l\u00edstok Instagram \u00a0 \u00a0 \u00a0TikTok \u00a0 \u00a0 \u00a0Spotify\" \/>\n<meta property=\"og:url\" content=\"https:\/\/www.majself.sk\/index.php\/koncerty\/\" \/>\n<meta property=\"og:site_name\" content=\"official website\" \/>\n<meta property=\"article:modified_time\" content=\"2024-12-06T08:10:13+00:00\" \/>\n<meta property=\"og:image\" content=\"https:\/\/www.majself.sk\/wp-content\/uploads\/2021\/06\/h5-logo-img-02.png\" \/>\n\t<meta property=\"og:image:width\" content=\"45\" \/>\n\t<meta property=\"og:image:height\" content=\"20\" \/>\n\t<meta property=\"og:image:type\" content=\"image\/png\" \/>\n<meta name=\"twitter:card\" content=\"summary_large_image\" \/>\n<meta name=\"twitter:label1\" content=\"Predpokladan\u00fd \u010das \u010d\u00edtania\" \/>\n\t<meta name=\"twitter:data1\" content=\"1 min\u00fata\" \/>\n<script type=\"application\/ld+json\" class=\"yoast-schema-graph\">{\"@context\":\"https:\/\/schema.org\",\"@graph\":[{\"@type\":\"WebPage\",\"@id\":\"https:\/\/www.majself.sk\/index.php\/koncerty\/\",\"url\":\"https:\/\/www.majself.sk\/index.php\/koncerty\/\",\"name\":\"Koncerty - official website\",\"isPartOf\":{\"@id\":\"https:\/\/www.majself.sk\/#website\"},\"datePublished\":\"2024-05-14T13:53:38+00:00\",\"dateModified\":\"2024-12-06T08:10:13+00:00\",\"breadcrumb\":{\"@id\":\"https:\/\/www.majself.sk\/index.php\/koncerty\/#breadcrumb\"},\"inLanguage\":\"sk-SK\",\"potentialAction\":[{\"@type\":\"ReadAction\",\"target\":[\"https:\/\/www.majself.sk\/index.php\/koncerty\/\"]}]},{\"@type\":\"BreadcrumbList\",\"@id\":\"https:\/\/www.majself.sk\/index.php\/koncerty\/#breadcrumb\",\"itemListElement\":[{\"@type\":\"ListItem\",\"position\":1,\"name\":\"Domovsk\u00e1 str\u00e1nka\",\"item\":\"https:\/\/www.majself.sk\/\"},{\"@type\":\"ListItem\",\"position\":2,\"name\":\"Koncerty\"}]},{\"@type\":\"WebSite\",\"@id\":\"https:\/\/www.majself.sk\/#website\",\"url\":\"https:\/\/www.majself.sk\/\",\"name\":\"Majself - official website\",\"description\":\"official website\",\"publisher\":{\"@id\":\"https:\/\/www.majself.sk\/#organization\"},\"alternateName\":\"Majself\",\"potentialAction\":[{\"@type\":\"SearchAction\",\"target\":{\"@type\":\"EntryPoint\",\"urlTemplate\":\"https:\/\/www.majself.sk\/?s={search_term_string}\"},\"query-input\":{\"@type\":\"PropertyValueSpecification\",\"valueRequired\":true,\"valueName\":\"search_term_string\"}}],\"inLanguage\":\"sk-SK\"},{\"@type\":\"Organization\",\"@id\":\"https:\/\/www.majself.sk\/#organization\",\"name\":\"Majself\",\"url\":\"https:\/\/www.majself.sk\/\",\"logo\":{\"@type\":\"ImageObject\",\"inLanguage\":\"sk-SK\",\"@id\":\"https:\/\/www.majself.sk\/#\/schema\/logo\/image\/\",\"url\":\"https:\/\/www.majself.sk\/wp-content\/uploads\/2021\/06\/h5-logo-img-02.png\",\"contentUrl\":\"https:\/\/www.majself.sk\/wp-content\/uploads\/2021\/06\/h5-logo-img-02.png\",\"width\":45,\"height\":20,\"caption\":\"Majself\"},\"image\":{\"@id\":\"https:\/\/www.majself.sk\/#\/schema\/logo\/image\/\"}}]}<\/script>\n<!-- \/ Yoast SEO plugin. -->","yoast_head_json":{"title":"Koncerty - official website","robots":{"index":"index","follow":"follow","max-snippet":"max-snippet:-1","max-image-preview":"max-image-preview:large","max-video-preview":"max-video-preview:-1"},"canonical":"https:\/\/www.majself.sk\/index.php\/koncerty\/","og_locale":"sk_SK","og_type":"article","og_title":"Koncerty - official website","og_description":"koncerty N\u00e1zov koncertu D\u00e1tum I miesto K\u00fapi\u0165 l\u00edstok N\u00e1zov koncertu D\u00e1tum I miesto K\u00fapi\u0165 l\u00edstok N\u00e1zov koncertu D\u00e1tum I miesto K\u00fapi\u0165 l\u00edstok N\u00e1zov koncertu D\u00e1tum I miesto K\u00fapi\u0165 l\u00edstok Instagram \u00a0 \u00a0 \u00a0TikTok \u00a0 \u00a0 \u00a0Spotify","og_url":"https:\/\/www.majself.sk\/index.php\/koncerty\/","og_site_name":"official website","article_modified_time":"2024-12-06T08:10:13+00:00","og_image":[{"width":45,"height":20,"url":"https:\/\/www.majself.sk\/wp-content\/uploads\/2021\/06\/h5-logo-img-02.png","type":"image\/png"}],"twitter_card":"summary_large_image","twitter_misc":{"Predpokladan\u00fd \u010das \u010d\u00edtania":"1 min\u00fata"},"schema":{"@context":"https:\/\/schema.org","@graph":[{"@type":"WebPage","@id":"https:\/\/www.majself.sk\/index.php\/koncerty\/","url":"https:\/\/www.majself.sk\/index.php\/koncerty\/","name":"Koncerty - official website","isPartOf":{"@id":"https:\/\/www.majself.sk\/#website"},"datePublished":"2024-05-14T13:53:38+00:00","dateModified":"2024-12-06T08:10:13+00:00","breadcrumb":{"@id":"https:\/\/www.majself.sk\/index.php\/koncerty\/#breadcrumb"},"inLanguage":"sk-SK","potentialAction":[{"@type":"ReadAction","target":["https:\/\/www.majself.sk\/index.php\/koncerty\/"]}]},{"@type":"BreadcrumbList","@id":"https:\/\/www.majself.sk\/index.php\/koncerty\/#breadcrumb","itemListElement":[{"@type":"ListItem","position":1,"name":"Domovsk\u00e1 str\u00e1nka","item":"https:\/\/www.majself.sk\/"},{"@type":"ListItem","position":2,"name":"Koncerty"}]},{"@type":"WebSite","@id":"https:\/\/www.majself.sk\/#website","url":"https:\/\/www.majself.sk\/","name":"Majself - official website","description":"official website","publisher":{"@id":"https:\/\/www.majself.sk\/#organization"},"alternateName":"Majself","potentialAction":[{"@type":"SearchAction","target":{"@type":"EntryPoint","urlTemplate":"https:\/\/www.majself.sk\/?s={search_term_string}"},"query-input":{"@type":"PropertyValueSpecification","valueRequired":true,"valueName":"search_term_string"}}],"inLanguage":"sk-SK"},{"@type":"Organization","@id":"https:\/\/www.majself.sk\/#organization","name":"Majself","url":"https:\/\/www.majself.sk\/","logo":{"@type":"ImageObject","inLanguage":"sk-SK","@id":"https:\/\/www.majself.sk\/#\/schema\/logo\/image\/","url":"https:\/\/www.majself.sk\/wp-content\/uploads\/2021\/06\/h5-logo-img-02.png","contentUrl":"https:\/\/www.majself.sk\/wp-content\/uploads\/2021\/06\/h5-logo-img-02.png","width":45,"height":20,"caption":"Majself"},"image":{"@id":"https:\/\/www.majself.sk\/#\/schema\/logo\/image\/"}}]}},"_links":{"self":[{"href":"https:\/\/www.majself.sk\/index.php\/wp-json\/wp\/v2\/pages\/8829","targetHints":{"allow":["GET"]}}],"collection":[{"href":"https:\/\/www.majself.sk\/index.php\/wp-json\/wp\/v2\/pages"}],"about":[{"href":"https:\/\/www.majself.sk\/index.php\/wp-json\/wp\/v2\/types\/page"}],"author":[{"embeddable":true,"href":"https:\/\/www.majself.sk\/index.php\/wp-json\/wp\/v2\/users\/1"}],"replies":[{"embeddable":true,"href":"https:\/\/www.majself.sk\/index.php\/wp-json\/wp\/v2\/comments?post=8829"}],"version-history":[{"count":64,"href":"https:\/\/www.majself.sk\/index.php\/wp-json\/wp\/v2\/pages\/8829\/revisions"}],"predecessor-version":[{"id":9125,"href":"https:\/\/www.majself.sk\/index.php\/wp-json\/wp\/v2\/pages\/8829\/revisions\/9125"}],"wp:attachment":[{"href":"https:\/\/www.majself.sk\/index.php\/wp-json\/wp\/v2\/media?parent=8829"}],"curies":[{"name":"wp","href":"https:\/\/api.w.org\/{rel}","templated":true}]}}